{"id":7005,"date":"2022-07-16T21:11:39","date_gmt":"2022-07-16T21:11:39","guid":{"rendered":"https:\/\/ramirochamorro.com\/?post_type=product&#038;p=7005"},"modified":"2026-03-24T04:14:15","modified_gmt":"2026-03-24T04:14:15","slug":"jesus-modelo-perfecto-de-liderazgo","status":"publish","type":"product","link":"https:\/\/ramirochamorro.com\/?product=jesus-modelo-perfecto-de-liderazgo","title":{"rendered":"JESUS modelo perfecto de Liderazgo"},"content":{"rendered":"<div class=\"biografia\">\n<p>\u00bfTe has preguntado alguna vez cu\u00e1l fue la clave del \u00e9xito del liderazgo de Jes\u00fas? \u00bfPor qu\u00e9 pudiendo buscar las mentes m\u00e1s creativas, o las personas con m\u00e1s recursos, decidi\u00f3 trabajar con doce hombres no muy letrados y con temperamentos muy variados entre ellos? Creo fielmente que todos los que trabajamos en la obra de Dios en alg\u00fan momento hemos hecho esa interrogante. En realidad, lo que buscamos al hacer esa pregunta es conocer c\u00f3mo es que el Maestro pudo trabajar con tantas personalidades diferentes entre s\u00ed y lograr cambiar sus vidas a tal punto que estos siguieron lo que les ense\u00f1\u00f3 incluso despu\u00e9s de su partida. Lograron impactar a la humanidad con un mensaje que produce vida y trae paz al coraz\u00f3n del hombre.<\/p>\n<p><strong>Detalles del producto<\/strong><\/p>\n<div id=\"detailBullets_feature_div\">\n<ul class=\"a-unordered-list a-nostyle a-vertical a-spacing-none detail-bullet-list\">\n<li><span class=\"a-list-item\"><span class=\"a-text-bold\">ASIN \u200f : \u200e\u00a0<\/span>B08MVCYKCZ<\/span><\/li>\n<li><span class=\"a-list-item\"><span class=\"a-text-bold\">Idioma \u200f : \u200e\u00a0<\/span>Espa\u00f1ol<\/span><\/li>\n<li><span class=\"a-list-item\"><span class=\"a-text-bold\">Tama\u00f1o del archivo \u200f : \u200e\u00a0<\/span>615 KB<\/span><\/li>\n<li><span class=\"a-list-item\"><span class=\"a-text-bold\">Texto a voz \u200f : \u200e\u00a0<\/span>Activado<\/span><\/li>\n<li><span class=\"a-list-item\"><span class=\"a-text-bold\">Lector de pantalla \u200f : \u200e\u00a0<\/span>Compatibles<\/span><\/li>\n<li><span class=\"a-list-item\"><span class=\"a-text-bold\">Tipograf\u00eda mejorada \u200f : \u200e\u00a0<\/span>Activado<\/span><\/li>\n<li><span class=\"a-list-item\"><span class=\"a-text-bold\">Word Wise \u200f : \u200e\u00a0<\/span>No activado<\/span><\/li>\n<li><span class=\"a-list-item\"><span class=\"a-text-bold\">Longitud de impresi\u00f3n \u200f : \u200e\u00a0<\/span>81 p\u00e1ginas<\/span><\/li>\n<\/ul>\n<\/div>\n<\/div>\n","protected":false},"excerpt":{"rendered":"<div class=\"biografia\">\n<p>\u00bfTe has preguntado alguna vez cu\u00e1l fue la clave del \u00e9xito del liderazgo de Jes\u00fas? \u00bfPor qu\u00e9 pudiendo buscar las mentes m\u00e1s creativas, o las personas con m\u00e1s recursos, decidi\u00f3 trabajar con doce hombres no muy letrados y con temperamentos muy variados entre ellos? Creo fielmente que todos los que trabajamos en la obra de Dios en alg\u00fan momento hemos hecho esa interrogante. En realidad, lo que buscamos al hacer esa pregunta es conocer c\u00f3mo es que el Maestro pudo trabajar con tantas personalidades diferentes entre s\u00ed y lograr cambiar sus vidas a tal punto que estos siguieron lo que les ense\u00f1\u00f3 incluso despu\u00e9s de su partida. Lograron impactar a la humanidad con un mensaje que produce vida y trae paz al coraz\u00f3n del hombre.<\/p>\n<\/div>\n","protected":false},"featured_media":7121,"comment_status":"open","ping_status":"closed","template":"","meta":{"inline_featured_image":false},"product_cat":[76,77],"product_tag":[],"class_list":{"0":"post-7005","1":"product","2":"type-product","3":"status-publish","4":"has-post-thumbnail","6":"product_cat-liderazgo","7":"product_cat-vida-cristiana","9":"first","10":"instock","11":"downloadable","12":"virtual","13":"purchasable","14":"product-type-simple"},"yoast_head":"<!-- This site is optimized with the Yoast SEO Premium plugin v18.7 (Yoast SEO v26.3) - https:\/\/yoast.com\/wordpress\/plugins\/seo\/ -->\n<title>JESUS modelo perfecto de Liderazgo - Ramiro Chamorro<\/title>\n<meta name=\"robots\" content=\"index, follow, max-snippet:-1, max-image-preview:large, max-video-preview:-1\" \/>\n<link rel=\"canonical\" href=\"https:\/\/ramirochamorro.com\/producto\/jesus-modelo-perfecto-de-liderazgo\/\" \/>\n<meta property=\"og:locale\" content=\"es_ES\" \/>\n<meta property=\"og:type\" content=\"article\" \/>\n<meta property=\"og:title\" content=\"JESUS modelo perfecto de Liderazgo\" \/>\n<meta property=\"og:description\" content=\"\u00bfTe has preguntado alguna vez cu\u00e1l fue la clave del \u00e9xito del liderazgo de Jes\u00fas? \u00bfPor qu\u00e9 pudiendo buscar las mentes m\u00e1s creativas, o las personas con m\u00e1s recursos, decidi\u00f3 trabajar con doce hombres no muy letrados y con temperamentos muy variados entre ellos? Creo fielmente que todos los que trabajamos en la obra de Dios en alg\u00fan momento hemos hecho esa interrogante. En realidad, lo que buscamos al hacer esa pregunta es conocer c\u00f3mo es que el Maestro pudo trabajar con tantas personalidades diferentes entre s\u00ed y lograr cambiar sus vidas a tal punto que estos siguieron lo que les ense\u00f1\u00f3 incluso despu\u00e9s de su partida. Lograron impactar a la humanidad con un mensaje que produce vida y trae paz al coraz\u00f3n del hombre.\" \/>\n<meta property=\"og:url\" content=\"https:\/\/ramirochamorro.com\/producto\/jesus-modelo-perfecto-de-liderazgo\/\" \/>\n<meta property=\"og:site_name\" content=\"Ramiro Chamorro\" \/>\n<meta property=\"article:modified_time\" content=\"2026-03-24T04:14:15+00:00\" \/>\n<meta property=\"og:image\" content=\"http:\/\/ramirochamorro.com\/wp-content\/uploads\/2022\/07\/Copia-de-MODELO-DE-JESUS.jpg\" \/>\n\t<meta property=\"og:image:width\" content=\"396\" \/>\n\t<meta property=\"og:image:height\" content=\"612\" \/>\n\t<meta property=\"og:image:type\" content=\"image\/jpeg\" \/>\n<meta name=\"twitter:card\" content=\"summary_large_image\" \/>\n<meta name=\"twitter:label1\" content=\"Tiempo de lectura\" \/>\n\t<meta name=\"twitter:data1\" content=\"1 minuto\" \/>\n<script type=\"application\/ld+json\" class=\"yoast-schema-graph\">{\"@context\":\"https:\/\/schema.org\",\"@graph\":[{\"@type\":\"WebPage\",\"@id\":\"https:\/\/ramirochamorro.com\/producto\/jesus-modelo-perfecto-de-liderazgo\/\",\"url\":\"https:\/\/ramirochamorro.com\/producto\/jesus-modelo-perfecto-de-liderazgo\/\",\"name\":\"JESUS modelo perfecto de Liderazgo - Ramiro Chamorro\",\"isPartOf\":{\"@id\":\"https:\/\/ramirochamorro.com\/#website\"},\"primaryImageOfPage\":{\"@id\":\"https:\/\/ramirochamorro.com\/producto\/jesus-modelo-perfecto-de-liderazgo\/#primaryimage\"},\"image\":{\"@id\":\"https:\/\/ramirochamorro.com\/producto\/jesus-modelo-perfecto-de-liderazgo\/#primaryimage\"},\"thumbnailUrl\":\"https:\/\/ramirochamorro.com\/wp-content\/uploads\/2022\/07\/Copia-de-MODELO-DE-JESUS.jpg\",\"datePublished\":\"2022-07-16T21:11:39+00:00\",\"dateModified\":\"2026-03-24T04:14:15+00:00\",\"breadcrumb\":{\"@id\":\"https:\/\/ramirochamorro.com\/producto\/jesus-modelo-perfecto-de-liderazgo\/#breadcrumb\"},\"inLanguage\":\"es\",\"potentialAction\":[{\"@type\":\"ReadAction\",\"target\":[\"https:\/\/ramirochamorro.com\/producto\/jesus-modelo-perfecto-de-liderazgo\/\"]}]},{\"@type\":\"ImageObject\",\"inLanguage\":\"es\",\"@id\":\"https:\/\/ramirochamorro.com\/producto\/jesus-modelo-perfecto-de-liderazgo\/#primaryimage\",\"url\":\"https:\/\/ramirochamorro.com\/wp-content\/uploads\/2022\/07\/Copia-de-MODELO-DE-JESUS.jpg\",\"contentUrl\":\"https:\/\/ramirochamorro.com\/wp-content\/uploads\/2022\/07\/Copia-de-MODELO-DE-JESUS.jpg\",\"width\":396,\"height\":612},{\"@type\":\"BreadcrumbList\",\"@id\":\"https:\/\/ramirochamorro.com\/producto\/jesus-modelo-perfecto-de-liderazgo\/#breadcrumb\",\"itemListElement\":[{\"@type\":\"ListItem\",\"position\":1,\"name\":\"Home\",\"item\":\"https:\/\/ramirochamorro.com\/\"},{\"@type\":\"ListItem\",\"position\":2,\"name\":\"Tienda\",\"item\":\"https:\/\/ramirochamorro.com\/?page_id=11\"},{\"@type\":\"ListItem\",\"position\":3,\"name\":\"JESUS modelo perfecto de Liderazgo\"}]},{\"@type\":\"WebSite\",\"@id\":\"https:\/\/ramirochamorro.com\/#website\",\"url\":\"https:\/\/ramirochamorro.com\/\",\"name\":\"Ramiro Chamorro\",\"description\":\"En Construccion\",\"publisher\":{\"@id\":\"https:\/\/ramirochamorro.com\/#organization\"},\"potentialAction\":[{\"@type\":\"SearchAction\",\"target\":{\"@type\":\"EntryPoint\",\"urlTemplate\":\"https:\/\/ramirochamorro.com\/?s={search_term_string}\"},\"query-input\":{\"@type\":\"PropertyValueSpecification\",\"valueRequired\":true,\"valueName\":\"search_term_string\"}}],\"inLanguage\":\"es\"},{\"@type\":\"Organization\",\"@id\":\"https:\/\/ramirochamorro.com\/#organization\",\"name\":\"Ramiro Chamorro\",\"url\":\"https:\/\/ramirochamorro.com\/\",\"logo\":{\"@type\":\"ImageObject\",\"inLanguage\":\"es\",\"@id\":\"https:\/\/ramirochamorro.com\/#\/schema\/logo\/image\/\",\"url\":\"https:\/\/ramirochamorro.com\/wp-content\/uploads\/2022\/07\/cropped-RAAMIRO.png\",\"contentUrl\":\"https:\/\/ramirochamorro.com\/wp-content\/uploads\/2022\/07\/cropped-RAAMIRO.png\",\"width\":502,\"height\":176,\"caption\":\"Ramiro Chamorro\"},\"image\":{\"@id\":\"https:\/\/ramirochamorro.com\/#\/schema\/logo\/image\/\"}}]}<\/script>\n<!-- \/ Yoast SEO Premium plugin. -->","yoast_head_json":{"title":"JESUS modelo perfecto de Liderazgo - Ramiro Chamorro","robots":{"index":"index","follow":"follow","max-snippet":"max-snippet:-1","max-image-preview":"max-image-preview:large","max-video-preview":"max-video-preview:-1"},"canonical":"https:\/\/ramirochamorro.com\/producto\/jesus-modelo-perfecto-de-liderazgo\/","og_locale":"es_ES","og_type":"article","og_title":"JESUS modelo perfecto de Liderazgo","og_description":"\u00bfTe has preguntado alguna vez cu\u00e1l fue la clave del \u00e9xito del liderazgo de Jes\u00fas? \u00bfPor qu\u00e9 pudiendo buscar las mentes m\u00e1s creativas, o las personas con m\u00e1s recursos, decidi\u00f3 trabajar con doce hombres no muy letrados y con temperamentos muy variados entre ellos? Creo fielmente que todos los que trabajamos en la obra de Dios en alg\u00fan momento hemos hecho esa interrogante. En realidad, lo que buscamos al hacer esa pregunta es conocer c\u00f3mo es que el Maestro pudo trabajar con tantas personalidades diferentes entre s\u00ed y lograr cambiar sus vidas a tal punto que estos siguieron lo que les ense\u00f1\u00f3 incluso despu\u00e9s de su partida. Lograron impactar a la humanidad con un mensaje que produce vida y trae paz al coraz\u00f3n del hombre.","og_url":"https:\/\/ramirochamorro.com\/producto\/jesus-modelo-perfecto-de-liderazgo\/","og_site_name":"Ramiro Chamorro","article_modified_time":"2026-03-24T04:14:15+00:00","og_image":[{"width":396,"height":612,"url":"http:\/\/ramirochamorro.com\/wp-content\/uploads\/2022\/07\/Copia-de-MODELO-DE-JESUS.jpg","type":"image\/jpeg"}],"twitter_card":"summary_large_image","twitter_misc":{"Tiempo de lectura":"1 minuto"},"schema":{"@context":"https:\/\/schema.org","@graph":[{"@type":"WebPage","@id":"https:\/\/ramirochamorro.com\/producto\/jesus-modelo-perfecto-de-liderazgo\/","url":"https:\/\/ramirochamorro.com\/producto\/jesus-modelo-perfecto-de-liderazgo\/","name":"JESUS modelo perfecto de Liderazgo - Ramiro Chamorro","isPartOf":{"@id":"https:\/\/ramirochamorro.com\/#website"},"primaryImageOfPage":{"@id":"https:\/\/ramirochamorro.com\/producto\/jesus-modelo-perfecto-de-liderazgo\/#primaryimage"},"image":{"@id":"https:\/\/ramirochamorro.com\/producto\/jesus-modelo-perfecto-de-liderazgo\/#primaryimage"},"thumbnailUrl":"https:\/\/ramirochamorro.com\/wp-content\/uploads\/2022\/07\/Copia-de-MODELO-DE-JESUS.jpg","datePublished":"2022-07-16T21:11:39+00:00","dateModified":"2026-03-24T04:14:15+00:00","breadcrumb":{"@id":"https:\/\/ramirochamorro.com\/producto\/jesus-modelo-perfecto-de-liderazgo\/#breadcrumb"},"inLanguage":"es","potentialAction":[{"@type":"ReadAction","target":["https:\/\/ramirochamorro.com\/producto\/jesus-modelo-perfecto-de-liderazgo\/"]}]},{"@type":"ImageObject","inLanguage":"es","@id":"https:\/\/ramirochamorro.com\/producto\/jesus-modelo-perfecto-de-liderazgo\/#primaryimage","url":"https:\/\/ramirochamorro.com\/wp-content\/uploads\/2022\/07\/Copia-de-MODELO-DE-JESUS.jpg","contentUrl":"https:\/\/ramirochamorro.com\/wp-content\/uploads\/2022\/07\/Copia-de-MODELO-DE-JESUS.jpg","width":396,"height":612},{"@type":"BreadcrumbList","@id":"https:\/\/ramirochamorro.com\/producto\/jesus-modelo-perfecto-de-liderazgo\/#breadcrumb","itemListElement":[{"@type":"ListItem","position":1,"name":"Home","item":"https:\/\/ramirochamorro.com\/"},{"@type":"ListItem","position":2,"name":"Tienda","item":"https:\/\/ramirochamorro.com\/?page_id=11"},{"@type":"ListItem","position":3,"name":"JESUS modelo perfecto de Liderazgo"}]},{"@type":"WebSite","@id":"https:\/\/ramirochamorro.com\/#website","url":"https:\/\/ramirochamorro.com\/","name":"Ramiro Chamorro","description":"En Construccion","publisher":{"@id":"https:\/\/ramirochamorro.com\/#organization"},"potentialAction":[{"@type":"SearchAction","target":{"@type":"EntryPoint","urlTemplate":"https:\/\/ramirochamorro.com\/?s={search_term_string}"},"query-input":{"@type":"PropertyValueSpecification","valueRequired":true,"valueName":"search_term_string"}}],"inLanguage":"es"},{"@type":"Organization","@id":"https:\/\/ramirochamorro.com\/#organization","name":"Ramiro Chamorro","url":"https:\/\/ramirochamorro.com\/","logo":{"@type":"ImageObject","inLanguage":"es","@id":"https:\/\/ramirochamorro.com\/#\/schema\/logo\/image\/","url":"https:\/\/ramirochamorro.com\/wp-content\/uploads\/2022\/07\/cropped-RAAMIRO.png","contentUrl":"https:\/\/ramirochamorro.com\/wp-content\/uploads\/2022\/07\/cropped-RAAMIRO.png","width":502,"height":176,"caption":"Ramiro Chamorro"},"image":{"@id":"https:\/\/ramirochamorro.com\/#\/schema\/logo\/image\/"}}]}},"_links":{"self":[{"href":"https:\/\/ramirochamorro.com\/index.php?rest_route=\/wp\/v2\/product\/7005","targetHints":{"allow":["GET"]}}],"collection":[{"href":"https:\/\/ramirochamorro.com\/index.php?rest_route=\/wp\/v2\/product"}],"about":[{"href":"https:\/\/ramirochamorro.com\/index.php?rest_route=\/wp\/v2\/types\/product"}],"replies":[{"embeddable":true,"href":"https:\/\/ramirochamorro.com\/index.php?rest_route=%2Fwp%2Fv2%2Fcomments&post=7005"}],"wp:featuredmedia":[{"embeddable":true,"href":"https:\/\/ramirochamorro.com\/index.php?rest_route=\/wp\/v2\/media\/7121"}],"wp:attachment":[{"href":"https:\/\/ramirochamorro.com\/index.php?rest_route=%2Fwp%2Fv2%2Fmedia&parent=7005"}],"wp:term":[{"taxonomy":"product_cat","embeddable":true,"href":"https:\/\/ramirochamorro.com\/index.php?rest_route=%2Fwp%2Fv2%2Fproduct_cat&post=7005"},{"taxonomy":"product_tag","embeddable":true,"href":"https:\/\/ramirochamorro.com\/index.php?rest_route=%2Fwp%2Fv2%2Fproduct_tag&post=7005"}],"curies":[{"name":"wp","href":"https:\/\/api.w.org\/{rel}","templated":true}]}}