{"id":6686,"date":"2022-07-03T19:35:28","date_gmt":"2022-07-03T19:35:28","guid":{"rendered":"https:\/\/ramirochamorro.com\/?post_type=product&#038;p=6686"},"modified":"2026-04-07T01:42:49","modified_gmt":"2026-04-07T01:42:49","slug":"que-hacer-cuando-no-se-que-hacer","status":"publish","type":"product","link":"https:\/\/ramirochamorro.com\/?product=que-hacer-cuando-no-se-que-hacer","title":{"rendered":"Qu\u00e9 hacer cuando no s\u00e9 que hacer"},"content":{"rendered":"<div id=\"bookDescription_feature_div\" class=\"celwidget\" data-feature-name=\"bookDescription\" data-csa-c-id=\"x8svqo-vg7auy-45cno8-ihz5ob\" data-cel-widget=\"bookDescription_feature_div\">\n<div class=\"a-expander-collapsed-height a-row a-expander-container a-spacing-base a-expander-partial-collapse-container\" data-a-expander-name=\"book_description_expander\" data-a-expander-collapsed-height=\"140\">\n<div class=\"a-expander-content a-expander-partial-collapse-content\" aria-expanded=\"false\">Todos en alg\u00fan momento de la vida nos hemos sentido que nuestro mundo se nos derrumba, muchos hemos pasado por procesos donde quiz\u00e1s hemos dicho: Todo termin\u00f3. Pero hemos tomado sabias decisiones que nos han ayudado a salir adelante de aquello que parec\u00eda nos quer\u00eda vencer, otros lamentablemente en esos momentos de crisis han tomado decisiones muy lamentables, aportando m\u00e1s dolor al ya existente.<\/div>\n<\/div>\n<\/div>\n<div id=\"hushpuppyUpsell_feature_div\" class=\"celwidget\" data-feature-name=\"hushpuppyUpsell\" data-csa-c-id=\"3reags-iplt61-qw95er-izr6zz\" data-cel-widget=\"hushpuppyUpsell_feature_div\"><\/div>\n<div id=\"richProductInformation_feature_div\" class=\"celwidget\" data-feature-name=\"richProductInformation\" data-csa-c-id=\"gv97aq-pgoq0o-p1t66f-cgrrfr\" data-cel-widget=\"richProductInformation_feature_div\">\n<div id=\"rich_product_information\" class=\"a-section a-spacing-none celwidget\" data-csa-c-id=\"nxfj9e-77jqo8-6sjhdb-q4d8ao\" data-cel-widget=\"rich_product_information\"><\/div>\n<\/div>\n","protected":false},"excerpt":{"rendered":"<div id=\"bookDescription_feature_div\" class=\"celwidget\" data-feature-name=\"bookDescription\" data-csa-c-id=\"x8svqo-vg7auy-45cno8-ihz5ob\" data-cel-widget=\"bookDescription_feature_div\">\n<div class=\"a-expander-collapsed-height a-row a-expander-container a-spacing-base a-expander-partial-collapse-container\" data-a-expander-name=\"book_description_expander\" data-a-expander-collapsed-height=\"140\">\n<div class=\"a-expander-content a-expander-partial-collapse-content\" aria-expanded=\"false\">Todos en alg\u00fan momento de la vida nos hemos sentido que nuestro mundo se nos derrumba, muchos hemos pasado por procesos donde quiz\u00e1s hemos dicho: Todo termin\u00f3. Pero hemos tomado sabias decisiones que nos han ayudado a salir adelante de aquello que parec\u00eda nos quer\u00eda vencer, otros lamentablemente en esos momentos de crisis han tomado decisiones muy lamentables, aportando m\u00e1s dolor al ya existente.<\/div>\n<\/div>\n<\/div>\n<div id=\"hushpuppyUpsell_feature_div\" class=\"celwidget\" data-feature-name=\"hushpuppyUpsell\" data-csa-c-id=\"3reags-iplt61-qw95er-izr6zz\" data-cel-widget=\"hushpuppyUpsell_feature_div\"><\/div>\n<div id=\"richProductInformation_feature_div\" class=\"celwidget\" data-feature-name=\"richProductInformation\" data-csa-c-id=\"gv97aq-pgoq0o-p1t66f-cgrrfr\" data-cel-widget=\"richProductInformation_feature_div\">\n<div id=\"rich_product_information\" class=\"a-section a-spacing-none celwidget\" data-csa-c-id=\"nxfj9e-77jqo8-6sjhdb-q4d8ao\" data-cel-widget=\"rich_product_information\">\n<h2><strong>Detalles del producto<\/strong><\/h2>\n<div id=\"detailBullets_feature_div\">\n<ul class=\"a-unordered-list a-nostyle a-vertical a-spacing-none detail-bullet-list\">\n<li><span class=\"a-list-item\"><span class=\"a-text-bold\">ASIN \u200f : \u200e\u00a0<\/span>B09MV9SV6P<\/span><\/li>\n<li><span class=\"a-list-item\"><span class=\"a-text-bold\">Fecha de publicaci\u00f3n \u200f : \u200e\u00a0<\/span>30 Noviembre 2021<\/span><\/li>\n<li><span class=\"a-list-item\"><span class=\"a-text-bold\">Idioma \u200f : \u200e\u00a0<\/span>Espa\u00f1ol<\/span><\/li>\n<li><span class=\"a-list-item\"><span class=\"a-text-bold\">Tama\u00f1o del archivo \u200f : \u200e\u00a0<\/span>343 KB<\/span><\/li>\n<li><span class=\"a-list-item\"><span class=\"a-text-bold\">Texto a voz \u200f : \u200e\u00a0<\/span>Activado<\/span><\/li>\n<li><span class=\"a-list-item\"><span class=\"a-text-bold\">Lector de pantalla: \u200f : \u200e\u00a0<\/span>Respaldados<\/span><\/li>\n<li><span class=\"a-list-item\"><span class=\"a-text-bold\">Composici\u00f3n tipogr\u00e1fica mejorada \u200f : \u200e\u00a0<\/span>Activado<\/span><\/li>\n<li><span class=\"a-list-item\"><span class=\"a-text-bold\">Word Wise \u200f : \u200e\u00a0<\/span>No activado<\/span><\/li>\n<li><span class=\"a-list-item\"><span class=\"a-text-bold\">N\u00famero de p\u00e1ginas \u200f : \u200e\u00a0<\/span>61 p\u00e1ginas<\/span><\/li>\n<\/ul>\n<\/div>\n<\/div>\n<\/div>\n","protected":false},"featured_media":6688,"comment_status":"open","ping_status":"closed","template":"","meta":{"inline_featured_image":false},"product_cat":[78,76,77],"product_tag":[],"class_list":{"0":"post-6686","1":"product","2":"type-product","3":"status-publish","4":"has-post-thumbnail","6":"product_cat-jovenes","7":"product_cat-liderazgo","8":"product_cat-vida-cristiana","10":"first","11":"instock","12":"downloadable","13":"virtual","14":"purchasable","15":"product-type-simple"},"yoast_head":"<!-- This site is optimized with the Yoast SEO Premium plugin v18.7 (Yoast SEO v26.3) - https:\/\/yoast.com\/wordpress\/plugins\/seo\/ -->\n<title>Qu\u00e9 hacer cuando no s\u00e9 que hacer - Ramiro Chamorro<\/title>\n<meta name=\"robots\" content=\"index, follow, max-snippet:-1, max-image-preview:large, max-video-preview:-1\" \/>\n<link rel=\"canonical\" href=\"https:\/\/ramirochamorro.com\/producto\/que-hacer-cuando-no-se-que-hacer\/\" \/>\n<meta property=\"og:locale\" content=\"es_ES\" \/>\n<meta property=\"og:type\" content=\"article\" \/>\n<meta property=\"og:title\" content=\"Qu\u00e9 hacer cuando no s\u00e9 que hacer\" \/>\n<meta property=\"og:description\" content=\"Todos en alg\u00fan momento de la vida nos hemos sentido que nuestro mundo se nos derrumba, muchos hemos pasado por procesos donde quiz\u00e1s hemos dicho: Todo termin\u00f3. Pero hemos tomado sabias decisiones que nos han ayudado a salir adelante de aquello que parec\u00eda nos quer\u00eda vencer, otros lamentablemente en esos momentos de crisis han tomado decisiones muy lamentables, aportando m\u00e1s dolor al ya existente.      Detalles del producto    ASIN \u200f : \u200e\u00a0B09MV9SV6P  Fecha de publicaci\u00f3n \u200f : \u200e\u00a030 Noviembre 2021  Idioma \u200f : \u200e\u00a0Espa\u00f1ol  Tama\u00f1o del archivo \u200f : \u200e\u00a0343 KB  Texto a voz \u200f : \u200e\u00a0Activado  Lector de pantalla: \u200f : \u200e\u00a0Respaldados  Composici\u00f3n tipogr\u00e1fica mejorada \u200f : \u200e\u00a0Activado  Word Wise \u200f : \u200e\u00a0No activado  N\u00famero de p\u00e1ginas \u200f : \u200e\u00a061 p\u00e1ginas\" \/>\n<meta property=\"og:url\" content=\"https:\/\/ramirochamorro.com\/producto\/que-hacer-cuando-no-se-que-hacer\/\" \/>\n<meta property=\"og:site_name\" content=\"Ramiro Chamorro\" \/>\n<meta property=\"article:modified_time\" content=\"2026-04-07T01:42:49+00:00\" \/>\n<meta property=\"og:image\" content=\"http:\/\/ramirochamorro.com\/wp-content\/uploads\/2022\/07\/Copia-de-QUE-HACER-1.jpg\" \/>\n\t<meta property=\"og:image:width\" content=\"396\" \/>\n\t<meta property=\"og:image:height\" content=\"612\" \/>\n\t<meta property=\"og:image:type\" content=\"image\/jpeg\" \/>\n<meta name=\"twitter:card\" content=\"summary_large_image\" \/>\n<meta name=\"twitter:label1\" content=\"Tiempo de lectura\" \/>\n\t<meta name=\"twitter:data1\" content=\"1 minuto\" \/>\n<script type=\"application\/ld+json\" class=\"yoast-schema-graph\">{\"@context\":\"https:\/\/schema.org\",\"@graph\":[{\"@type\":\"WebPage\",\"@id\":\"https:\/\/ramirochamorro.com\/producto\/que-hacer-cuando-no-se-que-hacer\/\",\"url\":\"https:\/\/ramirochamorro.com\/producto\/que-hacer-cuando-no-se-que-hacer\/\",\"name\":\"Qu\u00e9 hacer cuando no s\u00e9 que hacer - Ramiro Chamorro\",\"isPartOf\":{\"@id\":\"https:\/\/ramirochamorro.com\/#website\"},\"primaryImageOfPage\":{\"@id\":\"https:\/\/ramirochamorro.com\/producto\/que-hacer-cuando-no-se-que-hacer\/#primaryimage\"},\"image\":{\"@id\":\"https:\/\/ramirochamorro.com\/producto\/que-hacer-cuando-no-se-que-hacer\/#primaryimage\"},\"thumbnailUrl\":\"https:\/\/ramirochamorro.com\/wp-content\/uploads\/2022\/07\/Copia-de-QUE-HACER-1.jpg\",\"datePublished\":\"2022-07-03T19:35:28+00:00\",\"dateModified\":\"2026-04-07T01:42:49+00:00\",\"breadcrumb\":{\"@id\":\"https:\/\/ramirochamorro.com\/producto\/que-hacer-cuando-no-se-que-hacer\/#breadcrumb\"},\"inLanguage\":\"es\",\"potentialAction\":[{\"@type\":\"ReadAction\",\"target\":[\"https:\/\/ramirochamorro.com\/producto\/que-hacer-cuando-no-se-que-hacer\/\"]}]},{\"@type\":\"ImageObject\",\"inLanguage\":\"es\",\"@id\":\"https:\/\/ramirochamorro.com\/producto\/que-hacer-cuando-no-se-que-hacer\/#primaryimage\",\"url\":\"https:\/\/ramirochamorro.com\/wp-content\/uploads\/2022\/07\/Copia-de-QUE-HACER-1.jpg\",\"contentUrl\":\"https:\/\/ramirochamorro.com\/wp-content\/uploads\/2022\/07\/Copia-de-QUE-HACER-1.jpg\",\"width\":396,\"height\":612},{\"@type\":\"BreadcrumbList\",\"@id\":\"https:\/\/ramirochamorro.com\/producto\/que-hacer-cuando-no-se-que-hacer\/#breadcrumb\",\"itemListElement\":[{\"@type\":\"ListItem\",\"position\":1,\"name\":\"Home\",\"item\":\"https:\/\/ramirochamorro.com\/\"},{\"@type\":\"ListItem\",\"position\":2,\"name\":\"Tienda\",\"item\":\"https:\/\/ramirochamorro.com\/?page_id=11\"},{\"@type\":\"ListItem\",\"position\":3,\"name\":\"Qu\u00e9 hacer cuando no s\u00e9 que hacer\"}]},{\"@type\":\"WebSite\",\"@id\":\"https:\/\/ramirochamorro.com\/#website\",\"url\":\"https:\/\/ramirochamorro.com\/\",\"name\":\"Ramiro Chamorro\",\"description\":\"En Construccion\",\"publisher\":{\"@id\":\"https:\/\/ramirochamorro.com\/#organization\"},\"potentialAction\":[{\"@type\":\"SearchAction\",\"target\":{\"@type\":\"EntryPoint\",\"urlTemplate\":\"https:\/\/ramirochamorro.com\/?s={search_term_string}\"},\"query-input\":{\"@type\":\"PropertyValueSpecification\",\"valueRequired\":true,\"valueName\":\"search_term_string\"}}],\"inLanguage\":\"es\"},{\"@type\":\"Organization\",\"@id\":\"https:\/\/ramirochamorro.com\/#organization\",\"name\":\"Ramiro Chamorro\",\"url\":\"https:\/\/ramirochamorro.com\/\",\"logo\":{\"@type\":\"ImageObject\",\"inLanguage\":\"es\",\"@id\":\"https:\/\/ramirochamorro.com\/#\/schema\/logo\/image\/\",\"url\":\"https:\/\/ramirochamorro.com\/wp-content\/uploads\/2022\/07\/cropped-RAAMIRO.png\",\"contentUrl\":\"https:\/\/ramirochamorro.com\/wp-content\/uploads\/2022\/07\/cropped-RAAMIRO.png\",\"width\":502,\"height\":176,\"caption\":\"Ramiro Chamorro\"},\"image\":{\"@id\":\"https:\/\/ramirochamorro.com\/#\/schema\/logo\/image\/\"}}]}<\/script>\n<!-- \/ Yoast SEO Premium plugin. -->","yoast_head_json":{"title":"Qu\u00e9 hacer cuando no s\u00e9 que hacer - Ramiro Chamorro","robots":{"index":"index","follow":"follow","max-snippet":"max-snippet:-1","max-image-preview":"max-image-preview:large","max-video-preview":"max-video-preview:-1"},"canonical":"https:\/\/ramirochamorro.com\/producto\/que-hacer-cuando-no-se-que-hacer\/","og_locale":"es_ES","og_type":"article","og_title":"Qu\u00e9 hacer cuando no s\u00e9 que hacer","og_description":"Todos en alg\u00fan momento de la vida nos hemos sentido que nuestro mundo se nos derrumba, muchos hemos pasado por procesos donde quiz\u00e1s hemos dicho: Todo termin\u00f3. Pero hemos tomado sabias decisiones que nos han ayudado a salir adelante de aquello que parec\u00eda nos quer\u00eda vencer, otros lamentablemente en esos momentos de crisis han tomado decisiones muy lamentables, aportando m\u00e1s dolor al ya existente.      Detalles del producto    ASIN \u200f : \u200e\u00a0B09MV9SV6P  Fecha de publicaci\u00f3n \u200f : \u200e\u00a030 Noviembre 2021  Idioma \u200f : \u200e\u00a0Espa\u00f1ol  Tama\u00f1o del archivo \u200f : \u200e\u00a0343 KB  Texto a voz \u200f : \u200e\u00a0Activado  Lector de pantalla: \u200f : \u200e\u00a0Respaldados  Composici\u00f3n tipogr\u00e1fica mejorada \u200f : \u200e\u00a0Activado  Word Wise \u200f : \u200e\u00a0No activado  N\u00famero de p\u00e1ginas \u200f : \u200e\u00a061 p\u00e1ginas","og_url":"https:\/\/ramirochamorro.com\/producto\/que-hacer-cuando-no-se-que-hacer\/","og_site_name":"Ramiro Chamorro","article_modified_time":"2026-04-07T01:42:49+00:00","og_image":[{"width":396,"height":612,"url":"http:\/\/ramirochamorro.com\/wp-content\/uploads\/2022\/07\/Copia-de-QUE-HACER-1.jpg","type":"image\/jpeg"}],"twitter_card":"summary_large_image","twitter_misc":{"Tiempo de lectura":"1 minuto"},"schema":{"@context":"https:\/\/schema.org","@graph":[{"@type":"WebPage","@id":"https:\/\/ramirochamorro.com\/producto\/que-hacer-cuando-no-se-que-hacer\/","url":"https:\/\/ramirochamorro.com\/producto\/que-hacer-cuando-no-se-que-hacer\/","name":"Qu\u00e9 hacer cuando no s\u00e9 que hacer - Ramiro Chamorro","isPartOf":{"@id":"https:\/\/ramirochamorro.com\/#website"},"primaryImageOfPage":{"@id":"https:\/\/ramirochamorro.com\/producto\/que-hacer-cuando-no-se-que-hacer\/#primaryimage"},"image":{"@id":"https:\/\/ramirochamorro.com\/producto\/que-hacer-cuando-no-se-que-hacer\/#primaryimage"},"thumbnailUrl":"https:\/\/ramirochamorro.com\/wp-content\/uploads\/2022\/07\/Copia-de-QUE-HACER-1.jpg","datePublished":"2022-07-03T19:35:28+00:00","dateModified":"2026-04-07T01:42:49+00:00","breadcrumb":{"@id":"https:\/\/ramirochamorro.com\/producto\/que-hacer-cuando-no-se-que-hacer\/#breadcrumb"},"inLanguage":"es","potentialAction":[{"@type":"ReadAction","target":["https:\/\/ramirochamorro.com\/producto\/que-hacer-cuando-no-se-que-hacer\/"]}]},{"@type":"ImageObject","inLanguage":"es","@id":"https:\/\/ramirochamorro.com\/producto\/que-hacer-cuando-no-se-que-hacer\/#primaryimage","url":"https:\/\/ramirochamorro.com\/wp-content\/uploads\/2022\/07\/Copia-de-QUE-HACER-1.jpg","contentUrl":"https:\/\/ramirochamorro.com\/wp-content\/uploads\/2022\/07\/Copia-de-QUE-HACER-1.jpg","width":396,"height":612},{"@type":"BreadcrumbList","@id":"https:\/\/ramirochamorro.com\/producto\/que-hacer-cuando-no-se-que-hacer\/#breadcrumb","itemListElement":[{"@type":"ListItem","position":1,"name":"Home","item":"https:\/\/ramirochamorro.com\/"},{"@type":"ListItem","position":2,"name":"Tienda","item":"https:\/\/ramirochamorro.com\/?page_id=11"},{"@type":"ListItem","position":3,"name":"Qu\u00e9 hacer cuando no s\u00e9 que hacer"}]},{"@type":"WebSite","@id":"https:\/\/ramirochamorro.com\/#website","url":"https:\/\/ramirochamorro.com\/","name":"Ramiro Chamorro","description":"En Construccion","publisher":{"@id":"https:\/\/ramirochamorro.com\/#organization"},"potentialAction":[{"@type":"SearchAction","target":{"@type":"EntryPoint","urlTemplate":"https:\/\/ramirochamorro.com\/?s={search_term_string}"},"query-input":{"@type":"PropertyValueSpecification","valueRequired":true,"valueName":"search_term_string"}}],"inLanguage":"es"},{"@type":"Organization","@id":"https:\/\/ramirochamorro.com\/#organization","name":"Ramiro Chamorro","url":"https:\/\/ramirochamorro.com\/","logo":{"@type":"ImageObject","inLanguage":"es","@id":"https:\/\/ramirochamorro.com\/#\/schema\/logo\/image\/","url":"https:\/\/ramirochamorro.com\/wp-content\/uploads\/2022\/07\/cropped-RAAMIRO.png","contentUrl":"https:\/\/ramirochamorro.com\/wp-content\/uploads\/2022\/07\/cropped-RAAMIRO.png","width":502,"height":176,"caption":"Ramiro Chamorro"},"image":{"@id":"https:\/\/ramirochamorro.com\/#\/schema\/logo\/image\/"}}]}},"_links":{"self":[{"href":"https:\/\/ramirochamorro.com\/index.php?rest_route=\/wp\/v2\/product\/6686","targetHints":{"allow":["GET"]}}],"collection":[{"href":"https:\/\/ramirochamorro.com\/index.php?rest_route=\/wp\/v2\/product"}],"about":[{"href":"https:\/\/ramirochamorro.com\/index.php?rest_route=\/wp\/v2\/types\/product"}],"replies":[{"embeddable":true,"href":"https:\/\/ramirochamorro.com\/index.php?rest_route=%2Fwp%2Fv2%2Fcomments&post=6686"}],"wp:featuredmedia":[{"embeddable":true,"href":"https:\/\/ramirochamorro.com\/index.php?rest_route=\/wp\/v2\/media\/6688"}],"wp:attachment":[{"href":"https:\/\/ramirochamorro.com\/index.php?rest_route=%2Fwp%2Fv2%2Fmedia&parent=6686"}],"wp:term":[{"taxonomy":"product_cat","embeddable":true,"href":"https:\/\/ramirochamorro.com\/index.php?rest_route=%2Fwp%2Fv2%2Fproduct_cat&post=6686"},{"taxonomy":"product_tag","embeddable":true,"href":"https:\/\/ramirochamorro.com\/index.php?rest_route=%2Fwp%2Fv2%2Fproduct_tag&post=6686"}],"curies":[{"name":"wp","href":"https:\/\/api.w.org\/{rel}","templated":true}]}}