{"id":6683,"date":"2022-07-03T19:31:04","date_gmt":"2022-07-03T19:31:04","guid":{"rendered":"https:\/\/ramirochamorro.com\/?post_type=product&#038;p=6683"},"modified":"2026-04-07T01:41:35","modified_gmt":"2026-04-07T01:41:35","slug":"despierta-al-campeon-que-esta-en-ti-2-1","status":"publish","type":"product","link":"https:\/\/ramirochamorro.com\/?product=despierta-al-campeon-que-esta-en-ti-2-1","title":{"rendered":"Despierta al Campe\u00f3n que est\u00e1 en TI 2.1"},"content":{"rendered":"<div class=\"a-expander-content a-expander-partial-collapse-content a-expander-content-expanded\" aria-expanded=\"true\">El primer reto que tienes en la vida es contigo mismo, al primero que tienes que vencer es a ti. \u00bfEst\u00e1s dispuesto a hacerlo? \u00bfEst\u00e1s dispuesto a retarte a ti mismo? Porque, si lo est\u00e1s, entonces habr\u00e1s dado el primer paso para lograr hasta lo imposible. Muchas de las personas que vemos por las calles se encuentran frustradas, levantan la voz contra su pr\u00f3jimo, lastiman al m\u00e1s d\u00e9bil, sacan provecho del pobre. Personas que quieren imponer en los dem\u00e1s lo que ellos saben que no han podido vencer, cargan una gran amargura y se desquitan con la sociedad.<\/div>\n<div aria-expanded=\"true\"><\/div>\n<div class=\"a-expander-content a-expander-partial-collapse-content a-expander-content-expanded\" aria-expanded=\"true\">Muchos de esta sociedad viven dolidos porque en el pasado alguien los lastim\u00f3 y no han podido superar eso. Esas personas que se desquitan con los dem\u00e1s son los que tienen miedo de enfrentarse con ellos mismos. No compitas contra ellos; m\u00e1s bien, ay\u00fadales, mu\u00e9strales el camino, imp\u00falsalos a so\u00f1ar y si puedes lib\u00e9ralos de esas cadenas que los atan. Hazlo. Hoy es el inicio de una gran aventura, el primer d\u00eda para lograr lo que tienes en mente.<\/div>\n<div aria-expanded=\"true\"><\/div>\n<div class=\"a-expander-content a-expander-partial-collapse-content a-expander-content-expanded\" aria-expanded=\"true\">Hace muchos a\u00f1os el Se\u00f1or Jes\u00fas dijo: \u201cal que cree, todo le es posible\u201d. Vamos a creer, vamos a caminar en pos de la meta, si lo puedes ver en tu mente realizado es porque es posible, si lo puedes creer en tu coraz\u00f3n es porque lo puedes lograr con tus fuerzas. Eres un campe\u00f3n y si a\u00fan no has logrado lo que te has propuesto, hoy es un buen d\u00eda para retomar el sue\u00f1o, y si est\u00e1s en el Camino, no te desv\u00edes porque ya est\u00e1s m\u00e1s cerca y en cada paso te aproximas a la meta. Quiz\u00e1s estos \u00faltimos pasos sean los m\u00e1s dif\u00edciles, s\u00ed, porque ya no hay fuerzas, as\u00ed que hoy lucha con el alma, pero no te rindas. Vamos, no esperes m\u00e1s, este es tu mejor momento. DESPIERTA AL CAMPE\u00d3N QUE EST\u00c1 EN TI.<\/div>\n<div class=\"a-expander-header a-expander-partial-collapse-header\"><\/div>\n","protected":false},"excerpt":{"rendered":"<div class=\"a-expander-content a-expander-partial-collapse-content a-expander-content-expanded\" aria-expanded=\"true\">El primer reto que tienes en la vida es contigo mismo, al primero que tienes que vencer es a ti. \u00bfEst\u00e1s dispuesto a hacerlo? \u00bfEst\u00e1s dispuesto a retarte a ti mismo? Porque, si lo est\u00e1s, entonces habr\u00e1s dado el primer paso para lograr hasta lo imposible. Muchas de las personas que vemos por las calles se encuentran frustradas, levantan la voz contra su pr\u00f3jimo, lastiman al m\u00e1s d\u00e9bil, sacan provecho del pobre. Personas que quieren imponer en los dem\u00e1s lo que ellos saben que no han podido vencer, cargan una gran amargura y se desquitan con la sociedad.<\/div>\n<div aria-expanded=\"true\"><\/div>\n<div class=\"a-expander-content a-expander-partial-collapse-content a-expander-content-expanded\" aria-expanded=\"true\">Muchos de esta sociedad viven dolidos porque en el pasado alguien los lastim\u00f3 y no han podido superar eso. Esas personas que se desquitan con los dem\u00e1s son los que tienen miedo de enfrentarse con ellos mismos. No compitas contra ellos; m\u00e1s bien, ay\u00fadales, mu\u00e9strales el camino, imp\u00falsalos a so\u00f1ar y si puedes lib\u00e9ralos de esas cadenas que los atan. Hazlo. Hoy es el inicio de una gran aventura, el primer d\u00eda para lograr lo que tienes en mente.<\/div>\n<div aria-expanded=\"true\"><\/div>\n<div class=\"a-expander-content a-expander-partial-collapse-content a-expander-content-expanded\" aria-expanded=\"true\">Hace muchos a\u00f1os el Se\u00f1or Jes\u00fas dijo: \u201cal que cree, todo le es posible\u201d. Vamos a creer, vamos a caminar en pos de la meta, si lo puedes ver en tu mente realizado es porque es posible, si lo puedes creer en tu coraz\u00f3n es porque lo puedes lograr con tus fuerzas. Eres un campe\u00f3n y si a\u00fan no has logrado lo que te has propuesto, hoy es un buen d\u00eda para retomar el sue\u00f1o, y si est\u00e1s en el Camino, no te desv\u00edes porque ya est\u00e1s m\u00e1s cerca y en cada paso te aproximas a la meta. Quiz\u00e1s estos \u00faltimos pasos sean los m\u00e1s dif\u00edciles, s\u00ed, porque ya no hay fuerzas, as\u00ed que hoy lucha con el alma, pero no te rindas. Vamos, no esperes m\u00e1s, este es tu mejor momento. DESPIERTA AL CAMPE\u00d3N QUE EST\u00c1 EN TI.<\/div>\n<div aria-expanded=\"true\"><\/div>\n<div aria-expanded=\"true\">\n<h2>Detalles del producto<\/h2>\n<div id=\"detailBullets_feature_div\">\n<ul class=\"a-unordered-list a-nostyle a-vertical a-spacing-none detail-bullet-list\">\n<li><span class=\"a-list-item\"><span class=\"a-text-bold\">ASIN \u200f : \u200e\u00a0<\/span>B0B5MT7ZQ1<\/span><\/li>\n<li><span class=\"a-list-item\"><span class=\"a-text-bold\">Fecha de publicaci\u00f3n \u200f : \u200e\u00a0<\/span>1 Julio 2022<\/span><\/li>\n<li><span class=\"a-list-item\"><span class=\"a-text-bold\">Idioma \u200f : \u200e\u00a0<\/span>Espa\u00f1ol<\/span><\/li>\n<li><span class=\"a-list-item\"><span class=\"a-text-bold\">Tama\u00f1o del archivo \u200f : \u200e\u00a0<\/span>1160 KB<\/span><\/li>\n<li><span class=\"a-list-item\"><span class=\"a-text-bold\">Uso simult\u00e1neo de dispositivos \u200f : \u200e\u00a0<\/span>Sin l\u00edmite<\/span><\/li>\n<li><span class=\"a-list-item\"><span class=\"a-text-bold\">Texto a voz \u200f : \u200e\u00a0<\/span>Activado<\/span><\/li>\n<li><span class=\"a-list-item\"><span class=\"a-text-bold\">Lector de pantalla: \u200f : \u200e\u00a0<\/span>Respaldados<\/span><\/li>\n<li><span class=\"a-list-item\"><span class=\"a-text-bold\">Composici\u00f3n tipogr\u00e1fica mejorada \u200f : \u200e\u00a0<\/span>Activado<\/span><\/li>\n<li><span class=\"a-list-item\"><span class=\"a-text-bold\">Word Wise \u200f : \u200e\u00a0<\/span>No activado<\/span><\/li>\n<li><span class=\"a-list-item\"><span class=\"a-text-bold\">N\u00famero de p\u00e1ginas \u200f : \u200e\u00a0<\/span>129 p\u00e1ginas<\/span><\/li>\n<\/ul>\n<\/div>\n<\/div>\n<div class=\"a-expander-header a-expander-partial-collapse-header\"><\/div>\n","protected":false},"featured_media":6685,"comment_status":"open","ping_status":"closed","template":"","meta":{"inline_featured_image":false},"product_cat":[79,78,76,77],"product_tag":[],"class_list":{"0":"post-6683","1":"product","2":"type-product","3":"status-publish","4":"has-post-thumbnail","6":"product_cat-iglesia","7":"product_cat-jovenes","8":"product_cat-liderazgo","9":"product_cat-vida-cristiana","11":"first","12":"instock","13":"downloadable","14":"virtual","15":"purchasable","16":"product-type-simple"},"yoast_head":"<!-- This site is optimized with the Yoast SEO Premium plugin v18.7 (Yoast SEO v26.3) - https:\/\/yoast.com\/wordpress\/plugins\/seo\/ -->\n<title>Despierta al Campe\u00f3n que est\u00e1 en TI 2.1 - Ramiro Chamorro<\/title>\n<meta name=\"robots\" content=\"index, follow, max-snippet:-1, max-image-preview:large, max-video-preview:-1\" \/>\n<link rel=\"canonical\" href=\"https:\/\/ramirochamorro.com\/producto\/despierta-al-campeon-que-esta-en-ti-2-1\/\" \/>\n<meta property=\"og:locale\" content=\"es_ES\" \/>\n<meta property=\"og:type\" content=\"article\" \/>\n<meta property=\"og:title\" content=\"Despierta al Campe\u00f3n que est\u00e1 en TI 2.1\" \/>\n<meta property=\"og:description\" content=\"El primer reto que tienes en la vida es contigo mismo, al primero que tienes que vencer es a ti. \u00bfEst\u00e1s dispuesto a hacerlo? \u00bfEst\u00e1s dispuesto a retarte a ti mismo? Porque, si lo est\u00e1s, entonces habr\u00e1s dado el primer paso para lograr hasta lo imposible. Muchas de las personas que vemos por las calles se encuentran frustradas, levantan la voz contra su pr\u00f3jimo, lastiman al m\u00e1s d\u00e9bil, sacan provecho del pobre. Personas que quieren imponer en los dem\u00e1s lo que ellos saben que no han podido vencer, cargan una gran amargura y se desquitan con la sociedad.  Muchos de esta sociedad viven dolidos porque en el pasado alguien los lastim\u00f3 y no han podido superar eso. Esas personas que se desquitan con los dem\u00e1s son los que tienen miedo de enfrentarse con ellos mismos. No compitas contra ellos; m\u00e1s bien, ay\u00fadales, mu\u00e9strales el camino, imp\u00falsalos a so\u00f1ar y si puedes lib\u00e9ralos de esas cadenas que los atan. Hazlo. Hoy es el inicio de una gran aventura, el primer d\u00eda para lograr lo que tienes en mente.  Hace muchos a\u00f1os el Se\u00f1or Jes\u00fas dijo: \u201cal que cree, todo le es posible\u201d. Vamos a creer, vamos a caminar en pos de la meta, si lo puedes ver en tu mente realizado es porque es posible, si lo puedes creer en tu coraz\u00f3n es porque lo puedes lograr con tus fuerzas. Eres un campe\u00f3n y si a\u00fan no has logrado lo que te has propuesto, hoy es un buen d\u00eda para retomar el sue\u00f1o, y si est\u00e1s en el Camino, no te desv\u00edes porque ya est\u00e1s m\u00e1s cerca y en cada paso te aproximas a la meta. Quiz\u00e1s estos \u00faltimos pasos sean los m\u00e1s dif\u00edciles, s\u00ed, porque ya no hay fuerzas, as\u00ed que hoy lucha con el alma, pero no te rindas. Vamos, no esperes m\u00e1s, este es tu mejor momento. DESPIERTA AL CAMPE\u00d3N QUE EST\u00c1 EN TI.   Detalles del producto    ASIN \u200f : \u200e\u00a0B0B5MT7ZQ1  Fecha de publicaci\u00f3n \u200f : \u200e\u00a01 Julio 2022  Idioma \u200f : \u200e\u00a0Espa\u00f1ol  Tama\u00f1o del archivo \u200f : \u200e\u00a01160 KB  Uso simult\u00e1neo de dispositivos \u200f : \u200e\u00a0Sin l\u00edmite  Texto a voz \u200f : \u200e\u00a0Activado  Lector de pantalla: \u200f : \u200e\u00a0Respaldados  Composici\u00f3n tipogr\u00e1fica mejorada \u200f : \u200e\u00a0Activado  Word Wise \u200f : \u200e\u00a0No activado  N\u00famero de p\u00e1ginas \u200f : \u200e\u00a0129 p\u00e1ginas\" \/>\n<meta property=\"og:url\" content=\"https:\/\/ramirochamorro.com\/producto\/despierta-al-campeon-que-esta-en-ti-2-1\/\" \/>\n<meta property=\"og:site_name\" content=\"Ramiro Chamorro\" \/>\n<meta property=\"article:modified_time\" content=\"2026-04-07T01:41:35+00:00\" \/>\n<meta property=\"og:image\" content=\"http:\/\/ramirochamorro.com\/wp-content\/uploads\/2022\/07\/41bcK1voNIL.jpg\" \/>\n\t<meta property=\"og:image:width\" content=\"324\" \/>\n\t<meta property=\"og:image:height\" content=\"500\" \/>\n\t<meta property=\"og:image:type\" content=\"image\/jpeg\" \/>\n<meta name=\"twitter:card\" content=\"summary_large_image\" \/>\n<meta name=\"twitter:label1\" content=\"Tiempo de lectura\" \/>\n\t<meta name=\"twitter:data1\" content=\"2 minutos\" \/>\n<script type=\"application\/ld+json\" class=\"yoast-schema-graph\">{\"@context\":\"https:\/\/schema.org\",\"@graph\":[{\"@type\":\"WebPage\",\"@id\":\"https:\/\/ramirochamorro.com\/producto\/despierta-al-campeon-que-esta-en-ti-2-1\/\",\"url\":\"https:\/\/ramirochamorro.com\/producto\/despierta-al-campeon-que-esta-en-ti-2-1\/\",\"name\":\"Despierta al Campe\u00f3n que est\u00e1 en TI 2.1 - Ramiro Chamorro\",\"isPartOf\":{\"@id\":\"https:\/\/ramirochamorro.com\/#website\"},\"primaryImageOfPage\":{\"@id\":\"https:\/\/ramirochamorro.com\/producto\/despierta-al-campeon-que-esta-en-ti-2-1\/#primaryimage\"},\"image\":{\"@id\":\"https:\/\/ramirochamorro.com\/producto\/despierta-al-campeon-que-esta-en-ti-2-1\/#primaryimage\"},\"thumbnailUrl\":\"https:\/\/ramirochamorro.com\/wp-content\/uploads\/2022\/07\/41bcK1voNIL.jpg\",\"datePublished\":\"2022-07-03T19:31:04+00:00\",\"dateModified\":\"2026-04-07T01:41:35+00:00\",\"breadcrumb\":{\"@id\":\"https:\/\/ramirochamorro.com\/producto\/despierta-al-campeon-que-esta-en-ti-2-1\/#breadcrumb\"},\"inLanguage\":\"es\",\"potentialAction\":[{\"@type\":\"ReadAction\",\"target\":[\"https:\/\/ramirochamorro.com\/producto\/despierta-al-campeon-que-esta-en-ti-2-1\/\"]}]},{\"@type\":\"ImageObject\",\"inLanguage\":\"es\",\"@id\":\"https:\/\/ramirochamorro.com\/producto\/despierta-al-campeon-que-esta-en-ti-2-1\/#primaryimage\",\"url\":\"https:\/\/ramirochamorro.com\/wp-content\/uploads\/2022\/07\/41bcK1voNIL.jpg\",\"contentUrl\":\"https:\/\/ramirochamorro.com\/wp-content\/uploads\/2022\/07\/41bcK1voNIL.jpg\",\"width\":324,\"height\":500},{\"@type\":\"BreadcrumbList\",\"@id\":\"https:\/\/ramirochamorro.com\/producto\/despierta-al-campeon-que-esta-en-ti-2-1\/#breadcrumb\",\"itemListElement\":[{\"@type\":\"ListItem\",\"position\":1,\"name\":\"Home\",\"item\":\"https:\/\/ramirochamorro.com\/\"},{\"@type\":\"ListItem\",\"position\":2,\"name\":\"Tienda\",\"item\":\"https:\/\/ramirochamorro.com\/?page_id=11\"},{\"@type\":\"ListItem\",\"position\":3,\"name\":\"Despierta al Campe\u00f3n que est\u00e1 en TI 2.1\"}]},{\"@type\":\"WebSite\",\"@id\":\"https:\/\/ramirochamorro.com\/#website\",\"url\":\"https:\/\/ramirochamorro.com\/\",\"name\":\"Ramiro Chamorro\",\"description\":\"En Construccion\",\"publisher\":{\"@id\":\"https:\/\/ramirochamorro.com\/#organization\"},\"potentialAction\":[{\"@type\":\"SearchAction\",\"target\":{\"@type\":\"EntryPoint\",\"urlTemplate\":\"https:\/\/ramirochamorro.com\/?s={search_term_string}\"},\"query-input\":{\"@type\":\"PropertyValueSpecification\",\"valueRequired\":true,\"valueName\":\"search_term_string\"}}],\"inLanguage\":\"es\"},{\"@type\":\"Organization\",\"@id\":\"https:\/\/ramirochamorro.com\/#organization\",\"name\":\"Ramiro Chamorro\",\"url\":\"https:\/\/ramirochamorro.com\/\",\"logo\":{\"@type\":\"ImageObject\",\"inLanguage\":\"es\",\"@id\":\"https:\/\/ramirochamorro.com\/#\/schema\/logo\/image\/\",\"url\":\"https:\/\/ramirochamorro.com\/wp-content\/uploads\/2022\/07\/cropped-RAAMIRO.png\",\"contentUrl\":\"https:\/\/ramirochamorro.com\/wp-content\/uploads\/2022\/07\/cropped-RAAMIRO.png\",\"width\":502,\"height\":176,\"caption\":\"Ramiro Chamorro\"},\"image\":{\"@id\":\"https:\/\/ramirochamorro.com\/#\/schema\/logo\/image\/\"}}]}<\/script>\n<!-- \/ Yoast SEO Premium plugin. -->","yoast_head_json":{"title":"Despierta al Campe\u00f3n que est\u00e1 en TI 2.1 - Ramiro Chamorro","robots":{"index":"index","follow":"follow","max-snippet":"max-snippet:-1","max-image-preview":"max-image-preview:large","max-video-preview":"max-video-preview:-1"},"canonical":"https:\/\/ramirochamorro.com\/producto\/despierta-al-campeon-que-esta-en-ti-2-1\/","og_locale":"es_ES","og_type":"article","og_title":"Despierta al Campe\u00f3n que est\u00e1 en TI 2.1","og_description":"El primer reto que tienes en la vida es contigo mismo, al primero que tienes que vencer es a ti. \u00bfEst\u00e1s dispuesto a hacerlo? \u00bfEst\u00e1s dispuesto a retarte a ti mismo? Porque, si lo est\u00e1s, entonces habr\u00e1s dado el primer paso para lograr hasta lo imposible. Muchas de las personas que vemos por las calles se encuentran frustradas, levantan la voz contra su pr\u00f3jimo, lastiman al m\u00e1s d\u00e9bil, sacan provecho del pobre. Personas que quieren imponer en los dem\u00e1s lo que ellos saben que no han podido vencer, cargan una gran amargura y se desquitan con la sociedad.  Muchos de esta sociedad viven dolidos porque en el pasado alguien los lastim\u00f3 y no han podido superar eso. Esas personas que se desquitan con los dem\u00e1s son los que tienen miedo de enfrentarse con ellos mismos. No compitas contra ellos; m\u00e1s bien, ay\u00fadales, mu\u00e9strales el camino, imp\u00falsalos a so\u00f1ar y si puedes lib\u00e9ralos de esas cadenas que los atan. Hazlo. Hoy es el inicio de una gran aventura, el primer d\u00eda para lograr lo que tienes en mente.  Hace muchos a\u00f1os el Se\u00f1or Jes\u00fas dijo: \u201cal que cree, todo le es posible\u201d. Vamos a creer, vamos a caminar en pos de la meta, si lo puedes ver en tu mente realizado es porque es posible, si lo puedes creer en tu coraz\u00f3n es porque lo puedes lograr con tus fuerzas. Eres un campe\u00f3n y si a\u00fan no has logrado lo que te has propuesto, hoy es un buen d\u00eda para retomar el sue\u00f1o, y si est\u00e1s en el Camino, no te desv\u00edes porque ya est\u00e1s m\u00e1s cerca y en cada paso te aproximas a la meta. Quiz\u00e1s estos \u00faltimos pasos sean los m\u00e1s dif\u00edciles, s\u00ed, porque ya no hay fuerzas, as\u00ed que hoy lucha con el alma, pero no te rindas. Vamos, no esperes m\u00e1s, este es tu mejor momento. DESPIERTA AL CAMPE\u00d3N QUE EST\u00c1 EN TI.   Detalles del producto    ASIN \u200f : \u200e\u00a0B0B5MT7ZQ1  Fecha de publicaci\u00f3n \u200f : \u200e\u00a01 Julio 2022  Idioma \u200f : \u200e\u00a0Espa\u00f1ol  Tama\u00f1o del archivo \u200f : \u200e\u00a01160 KB  Uso simult\u00e1neo de dispositivos \u200f : \u200e\u00a0Sin l\u00edmite  Texto a voz \u200f : \u200e\u00a0Activado  Lector de pantalla: \u200f : \u200e\u00a0Respaldados  Composici\u00f3n tipogr\u00e1fica mejorada \u200f : \u200e\u00a0Activado  Word Wise \u200f : \u200e\u00a0No activado  N\u00famero de p\u00e1ginas \u200f : \u200e\u00a0129 p\u00e1ginas","og_url":"https:\/\/ramirochamorro.com\/producto\/despierta-al-campeon-que-esta-en-ti-2-1\/","og_site_name":"Ramiro Chamorro","article_modified_time":"2026-04-07T01:41:35+00:00","og_image":[{"width":324,"height":500,"url":"http:\/\/ramirochamorro.com\/wp-content\/uploads\/2022\/07\/41bcK1voNIL.jpg","type":"image\/jpeg"}],"twitter_card":"summary_large_image","twitter_misc":{"Tiempo de lectura":"2 minutos"},"schema":{"@context":"https:\/\/schema.org","@graph":[{"@type":"WebPage","@id":"https:\/\/ramirochamorro.com\/producto\/despierta-al-campeon-que-esta-en-ti-2-1\/","url":"https:\/\/ramirochamorro.com\/producto\/despierta-al-campeon-que-esta-en-ti-2-1\/","name":"Despierta al Campe\u00f3n que est\u00e1 en TI 2.1 - Ramiro Chamorro","isPartOf":{"@id":"https:\/\/ramirochamorro.com\/#website"},"primaryImageOfPage":{"@id":"https:\/\/ramirochamorro.com\/producto\/despierta-al-campeon-que-esta-en-ti-2-1\/#primaryimage"},"image":{"@id":"https:\/\/ramirochamorro.com\/producto\/despierta-al-campeon-que-esta-en-ti-2-1\/#primaryimage"},"thumbnailUrl":"https:\/\/ramirochamorro.com\/wp-content\/uploads\/2022\/07\/41bcK1voNIL.jpg","datePublished":"2022-07-03T19:31:04+00:00","dateModified":"2026-04-07T01:41:35+00:00","breadcrumb":{"@id":"https:\/\/ramirochamorro.com\/producto\/despierta-al-campeon-que-esta-en-ti-2-1\/#breadcrumb"},"inLanguage":"es","potentialAction":[{"@type":"ReadAction","target":["https:\/\/ramirochamorro.com\/producto\/despierta-al-campeon-que-esta-en-ti-2-1\/"]}]},{"@type":"ImageObject","inLanguage":"es","@id":"https:\/\/ramirochamorro.com\/producto\/despierta-al-campeon-que-esta-en-ti-2-1\/#primaryimage","url":"https:\/\/ramirochamorro.com\/wp-content\/uploads\/2022\/07\/41bcK1voNIL.jpg","contentUrl":"https:\/\/ramirochamorro.com\/wp-content\/uploads\/2022\/07\/41bcK1voNIL.jpg","width":324,"height":500},{"@type":"BreadcrumbList","@id":"https:\/\/ramirochamorro.com\/producto\/despierta-al-campeon-que-esta-en-ti-2-1\/#breadcrumb","itemListElement":[{"@type":"ListItem","position":1,"name":"Home","item":"https:\/\/ramirochamorro.com\/"},{"@type":"ListItem","position":2,"name":"Tienda","item":"https:\/\/ramirochamorro.com\/?page_id=11"},{"@type":"ListItem","position":3,"name":"Despierta al Campe\u00f3n que est\u00e1 en TI 2.1"}]},{"@type":"WebSite","@id":"https:\/\/ramirochamorro.com\/#website","url":"https:\/\/ramirochamorro.com\/","name":"Ramiro Chamorro","description":"En Construccion","publisher":{"@id":"https:\/\/ramirochamorro.com\/#organization"},"potentialAction":[{"@type":"SearchAction","target":{"@type":"EntryPoint","urlTemplate":"https:\/\/ramirochamorro.com\/?s={search_term_string}"},"query-input":{"@type":"PropertyValueSpecification","valueRequired":true,"valueName":"search_term_string"}}],"inLanguage":"es"},{"@type":"Organization","@id":"https:\/\/ramirochamorro.com\/#organization","name":"Ramiro Chamorro","url":"https:\/\/ramirochamorro.com\/","logo":{"@type":"ImageObject","inLanguage":"es","@id":"https:\/\/ramirochamorro.com\/#\/schema\/logo\/image\/","url":"https:\/\/ramirochamorro.com\/wp-content\/uploads\/2022\/07\/cropped-RAAMIRO.png","contentUrl":"https:\/\/ramirochamorro.com\/wp-content\/uploads\/2022\/07\/cropped-RAAMIRO.png","width":502,"height":176,"caption":"Ramiro Chamorro"},"image":{"@id":"https:\/\/ramirochamorro.com\/#\/schema\/logo\/image\/"}}]}},"_links":{"self":[{"href":"https:\/\/ramirochamorro.com\/index.php?rest_route=\/wp\/v2\/product\/6683","targetHints":{"allow":["GET"]}}],"collection":[{"href":"https:\/\/ramirochamorro.com\/index.php?rest_route=\/wp\/v2\/product"}],"about":[{"href":"https:\/\/ramirochamorro.com\/index.php?rest_route=\/wp\/v2\/types\/product"}],"replies":[{"embeddable":true,"href":"https:\/\/ramirochamorro.com\/index.php?rest_route=%2Fwp%2Fv2%2Fcomments&post=6683"}],"wp:featuredmedia":[{"embeddable":true,"href":"https:\/\/ramirochamorro.com\/index.php?rest_route=\/wp\/v2\/media\/6685"}],"wp:attachment":[{"href":"https:\/\/ramirochamorro.com\/index.php?rest_route=%2Fwp%2Fv2%2Fmedia&parent=6683"}],"wp:term":[{"taxonomy":"product_cat","embeddable":true,"href":"https:\/\/ramirochamorro.com\/index.php?rest_route=%2Fwp%2Fv2%2Fproduct_cat&post=6683"},{"taxonomy":"product_tag","embeddable":true,"href":"https:\/\/ramirochamorro.com\/index.php?rest_route=%2Fwp%2Fv2%2Fproduct_tag&post=6683"}],"curies":[{"name":"wp","href":"https:\/\/api.w.org\/{rel}","templated":true}]}}