{"id":6677,"date":"2022-07-03T19:23:05","date_gmt":"2022-07-03T19:23:05","guid":{"rendered":"https:\/\/ramirochamorro.com\/?post_type=product&#038;p=6677"},"modified":"2026-04-07T01:41:51","modified_gmt":"2026-04-07T01:41:51","slug":"jose-de-esclavo-a-rey","status":"publish","type":"product","link":"https:\/\/ramirochamorro.com\/?product=jose-de-esclavo-a-rey","title":{"rendered":"Jos\u00e9 de Esclavo a Rey"},"content":{"rendered":"<p>Por razones que, quiz\u00e1, no podemos explicar, hemos llegado a un punto donde nunca quisimos estar. En otras tal vez si hubo explicaci\u00f3n, pero \u00bfya de qu\u00e9 vale? Si al final el resultado es el mismo: no quiero estar donde estoy; siento que la vida no me ha premiado como lo supuse un d\u00eda. Posiblemente has emprendido una aventura llamada vida y pensaste que todo iba a salir bien, pero por cosas del destino se ha complicado y hoy quieres regresar y empezar nuevamente, pero sabes que ya es imposible tal regreso.De esclavo a Rey es una obra narrativa que nos muestra c\u00f3mo un joven llamado Jos\u00e9 se mantiene fiel a sus principios, sin dejar de lado el sue\u00f1o que desde joven Dios hab\u00eda depositado en su coraz\u00f3n.<\/p>\n<p>La vida de Jos\u00e9 el hijo de Jacob ser\u00e1 nuestro mapa y por ella navegaremos para explorar a fondo lo que este joven vivi\u00f3 y c\u00f3mo podremos nosotros sacar provecho de sus vivencias, logrando as\u00ed un panorama m\u00e1s claro, aunque estemos pasando situaciones similares a las que \u00e9l vivi\u00f3, no perder la esperanza de ver el sue\u00f1o hecho realidad.<\/p>\n","protected":false},"excerpt":{"rendered":"<p>Por razones que, quiz\u00e1, no podemos explicar, hemos llegado a un punto donde nunca quisimos estar. En otras tal vez si hubo explicaci\u00f3n, pero \u00bfya de qu\u00e9 vale? Si al final el resultado es el mismo: no quiero estar donde estoy; siento que la vida no me ha premiado como lo supuse un d\u00eda. Posiblemente has emprendido una aventura llamada vida y pensaste que todo iba a salir bien, pero por cosas del destino se ha complicado y hoy quieres regresar y empezar nuevamente, pero sabes que ya es imposible tal regreso.De esclavo a Rey es una obra narrativa que nos muestra c\u00f3mo un joven llamado Jos\u00e9 se mantiene fiel a sus principios, sin dejar de lado el sue\u00f1o que desde joven Dios hab\u00eda depositado en su coraz\u00f3n.<\/p>\n<p>La vida de Jos\u00e9 el hijo de Jacob ser\u00e1 nuestro mapa y por ella navegaremos para explorar a fondo lo que este joven vivi\u00f3 y c\u00f3mo podremos nosotros sacar provecho de sus vivencias, logrando as\u00ed un panorama m\u00e1s claro, aunque estemos pasando situaciones similares a las que \u00e9l vivi\u00f3, no perder la esperanza de ver el sue\u00f1o hecho realidad.<\/p>\n<p><strong>Detalles del producto<\/strong><\/p>\n<div id=\"detailBullets_feature_div\">\n<ul class=\"a-unordered-list a-nostyle a-vertical a-spacing-none detail-bullet-list\">\n<li><span class=\"a-list-item\"><span class=\"a-text-bold\">ASIN \u200f : \u200e\u00a0<\/span>B078YH46W6<\/span><\/li>\n<li><span class=\"a-list-item\"><span class=\"a-text-bold\">Editorial \u200f : \u200e\u00a0<\/span>EMPRENDO (10 Enero 2018)<\/span><\/li>\n<li><span class=\"a-list-item\"><span class=\"a-text-bold\">Fecha de publicaci\u00f3n \u200f : \u200e\u00a0<\/span>10 Enero 2018<\/span><\/li>\n<li><span class=\"a-list-item\"><span class=\"a-text-bold\">Idioma \u200f : \u200e\u00a0<\/span>Espa\u00f1ol<\/span><\/li>\n<li><span class=\"a-list-item\"><span class=\"a-text-bold\">Tama\u00f1o del archivo \u200f : \u200e\u00a0<\/span>1087 KB<\/span><\/li>\n<li><span class=\"a-list-item\"><span class=\"a-text-bold\">Texto a voz \u200f : \u200e\u00a0<\/span>Activado<\/span><\/li>\n<li><span class=\"a-list-item\"><span class=\"a-text-bold\">Lector de pantalla: \u200f : \u200e\u00a0<\/span>Respaldados<\/span><\/li>\n<li><span class=\"a-list-item\"><span class=\"a-text-bold\">Composici\u00f3n tipogr\u00e1fica mejorada \u200f : \u200e\u00a0<\/span>Activado<\/span><\/li>\n<li><span class=\"a-list-item\"><span class=\"a-text-bold\">Word Wise \u200f : \u200e\u00a0<\/span>No activado<\/span><\/li>\n<li><span class=\"a-list-item\"><span class=\"a-text-bold\">N\u00famero de p\u00e1ginas \u200f : \u200e\u00a0<\/span>111 p\u00e1ginas<\/span><\/li>\n<\/ul>\n<\/div>\n","protected":false},"featured_media":6679,"comment_status":"open","ping_status":"closed","template":"","meta":{"inline_featured_image":false},"product_cat":[75,79,77],"product_tag":[72],"class_list":{"0":"post-6677","1":"product","2":"type-product","3":"status-publish","4":"has-post-thumbnail","6":"product_cat-historias","7":"product_cat-iglesia","8":"product_cat-vida-cristiana","9":"product_tag-jose-de-esclavo-a-rey","11":"first","12":"instock","13":"downloadable","14":"virtual","15":"purchasable","16":"product-type-simple"},"yoast_head":"<!-- This site is optimized with the Yoast SEO Premium plugin v18.7 (Yoast SEO v26.3) - https:\/\/yoast.com\/wordpress\/plugins\/seo\/ -->\n<title>Jos\u00e9 de Esclavo a Rey - Ramiro Chamorro<\/title>\n<meta name=\"robots\" content=\"index, follow, max-snippet:-1, max-image-preview:large, max-video-preview:-1\" \/>\n<link rel=\"canonical\" href=\"https:\/\/ramirochamorro.com\/producto\/jose-de-esclavo-a-rey\/\" \/>\n<meta property=\"og:locale\" content=\"es_ES\" \/>\n<meta property=\"og:type\" content=\"article\" \/>\n<meta property=\"og:title\" content=\"Jos\u00e9 de Esclavo a Rey\" \/>\n<meta property=\"og:description\" content=\"Por razones que, quiz\u00e1, no podemos explicar, hemos llegado a un punto donde nunca quisimos estar. En otras tal vez si hubo explicaci\u00f3n, pero \u00bfya de qu\u00e9 vale? Si al final el resultado es el mismo: no quiero estar donde estoy; siento que la vida no me ha premiado como lo supuse un d\u00eda. Posiblemente has emprendido una aventura llamada vida y pensaste que todo iba a salir bien, pero por cosas del destino se ha complicado y hoy quieres regresar y empezar nuevamente, pero sabes que ya es imposible tal regreso.De esclavo a Rey es una obra narrativa que nos muestra c\u00f3mo un joven llamado Jos\u00e9 se mantiene fiel a sus principios, sin dejar de lado el sue\u00f1o que desde joven Dios hab\u00eda depositado en su coraz\u00f3n.  La vida de Jos\u00e9 el hijo de Jacob ser\u00e1 nuestro mapa y por ella navegaremos para explorar a fondo lo que este joven vivi\u00f3 y c\u00f3mo podremos nosotros sacar provecho de sus vivencias, logrando as\u00ed un panorama m\u00e1s claro, aunque estemos pasando situaciones similares a las que \u00e9l vivi\u00f3, no perder la esperanza de ver el sue\u00f1o hecho realidad.  Detalles del producto    ASIN \u200f : \u200e\u00a0B078YH46W6  Editorial \u200f : \u200e\u00a0EMPRENDO (10 Enero 2018)  Fecha de publicaci\u00f3n \u200f : \u200e\u00a010 Enero 2018  Idioma \u200f : \u200e\u00a0Espa\u00f1ol  Tama\u00f1o del archivo \u200f : \u200e\u00a01087 KB  Texto a voz \u200f : \u200e\u00a0Activado  Lector de pantalla: \u200f : \u200e\u00a0Respaldados  Composici\u00f3n tipogr\u00e1fica mejorada \u200f : \u200e\u00a0Activado  Word Wise \u200f : \u200e\u00a0No activado  N\u00famero de p\u00e1ginas \u200f : \u200e\u00a0111 p\u00e1ginas\" \/>\n<meta property=\"og:url\" content=\"https:\/\/ramirochamorro.com\/producto\/jose-de-esclavo-a-rey\/\" \/>\n<meta property=\"og:site_name\" content=\"Ramiro Chamorro\" \/>\n<meta property=\"article:modified_time\" content=\"2026-04-07T01:41:51+00:00\" \/>\n<meta property=\"og:image\" content=\"http:\/\/ramirochamorro.com\/wp-content\/uploads\/2022\/07\/Copia-de-JOSE-scaled.jpg\" \/>\n\t<meta property=\"og:image:width\" content=\"1656\" \/>\n\t<meta property=\"og:image:height\" content=\"2560\" \/>\n\t<meta property=\"og:image:type\" content=\"image\/jpeg\" \/>\n<meta name=\"twitter:card\" content=\"summary_large_image\" \/>\n<meta name=\"twitter:label1\" content=\"Tiempo de lectura\" \/>\n\t<meta name=\"twitter:data1\" content=\"1 minuto\" \/>\n<script type=\"application\/ld+json\" class=\"yoast-schema-graph\">{\"@context\":\"https:\/\/schema.org\",\"@graph\":[{\"@type\":\"WebPage\",\"@id\":\"https:\/\/ramirochamorro.com\/producto\/jose-de-esclavo-a-rey\/\",\"url\":\"https:\/\/ramirochamorro.com\/producto\/jose-de-esclavo-a-rey\/\",\"name\":\"Jos\u00e9 de Esclavo a Rey - Ramiro Chamorro\",\"isPartOf\":{\"@id\":\"https:\/\/ramirochamorro.com\/#website\"},\"primaryImageOfPage\":{\"@id\":\"https:\/\/ramirochamorro.com\/producto\/jose-de-esclavo-a-rey\/#primaryimage\"},\"image\":{\"@id\":\"https:\/\/ramirochamorro.com\/producto\/jose-de-esclavo-a-rey\/#primaryimage\"},\"thumbnailUrl\":\"https:\/\/ramirochamorro.com\/wp-content\/uploads\/2022\/07\/Copia-de-JOSE-scaled.jpg\",\"datePublished\":\"2022-07-03T19:23:05+00:00\",\"dateModified\":\"2026-04-07T01:41:51+00:00\",\"breadcrumb\":{\"@id\":\"https:\/\/ramirochamorro.com\/producto\/jose-de-esclavo-a-rey\/#breadcrumb\"},\"inLanguage\":\"es\",\"potentialAction\":[{\"@type\":\"ReadAction\",\"target\":[\"https:\/\/ramirochamorro.com\/producto\/jose-de-esclavo-a-rey\/\"]}]},{\"@type\":\"ImageObject\",\"inLanguage\":\"es\",\"@id\":\"https:\/\/ramirochamorro.com\/producto\/jose-de-esclavo-a-rey\/#primaryimage\",\"url\":\"https:\/\/ramirochamorro.com\/wp-content\/uploads\/2022\/07\/Copia-de-JOSE-scaled.jpg\",\"contentUrl\":\"https:\/\/ramirochamorro.com\/wp-content\/uploads\/2022\/07\/Copia-de-JOSE-scaled.jpg\",\"width\":1656,\"height\":2560},{\"@type\":\"BreadcrumbList\",\"@id\":\"https:\/\/ramirochamorro.com\/producto\/jose-de-esclavo-a-rey\/#breadcrumb\",\"itemListElement\":[{\"@type\":\"ListItem\",\"position\":1,\"name\":\"Home\",\"item\":\"https:\/\/ramirochamorro.com\/\"},{\"@type\":\"ListItem\",\"position\":2,\"name\":\"Tienda\",\"item\":\"https:\/\/ramirochamorro.com\/?page_id=11\"},{\"@type\":\"ListItem\",\"position\":3,\"name\":\"Jos\u00e9 de Esclavo a Rey\"}]},{\"@type\":\"WebSite\",\"@id\":\"https:\/\/ramirochamorro.com\/#website\",\"url\":\"https:\/\/ramirochamorro.com\/\",\"name\":\"Ramiro Chamorro\",\"description\":\"En Construccion\",\"publisher\":{\"@id\":\"https:\/\/ramirochamorro.com\/#organization\"},\"potentialAction\":[{\"@type\":\"SearchAction\",\"target\":{\"@type\":\"EntryPoint\",\"urlTemplate\":\"https:\/\/ramirochamorro.com\/?s={search_term_string}\"},\"query-input\":{\"@type\":\"PropertyValueSpecification\",\"valueRequired\":true,\"valueName\":\"search_term_string\"}}],\"inLanguage\":\"es\"},{\"@type\":\"Organization\",\"@id\":\"https:\/\/ramirochamorro.com\/#organization\",\"name\":\"Ramiro Chamorro\",\"url\":\"https:\/\/ramirochamorro.com\/\",\"logo\":{\"@type\":\"ImageObject\",\"inLanguage\":\"es\",\"@id\":\"https:\/\/ramirochamorro.com\/#\/schema\/logo\/image\/\",\"url\":\"https:\/\/ramirochamorro.com\/wp-content\/uploads\/2022\/07\/cropped-RAAMIRO.png\",\"contentUrl\":\"https:\/\/ramirochamorro.com\/wp-content\/uploads\/2022\/07\/cropped-RAAMIRO.png\",\"width\":502,\"height\":176,\"caption\":\"Ramiro Chamorro\"},\"image\":{\"@id\":\"https:\/\/ramirochamorro.com\/#\/schema\/logo\/image\/\"}}]}<\/script>\n<!-- \/ Yoast SEO Premium plugin. -->","yoast_head_json":{"title":"Jos\u00e9 de Esclavo a Rey - Ramiro Chamorro","robots":{"index":"index","follow":"follow","max-snippet":"max-snippet:-1","max-image-preview":"max-image-preview:large","max-video-preview":"max-video-preview:-1"},"canonical":"https:\/\/ramirochamorro.com\/producto\/jose-de-esclavo-a-rey\/","og_locale":"es_ES","og_type":"article","og_title":"Jos\u00e9 de Esclavo a Rey","og_description":"Por razones que, quiz\u00e1, no podemos explicar, hemos llegado a un punto donde nunca quisimos estar. En otras tal vez si hubo explicaci\u00f3n, pero \u00bfya de qu\u00e9 vale? Si al final el resultado es el mismo: no quiero estar donde estoy; siento que la vida no me ha premiado como lo supuse un d\u00eda. Posiblemente has emprendido una aventura llamada vida y pensaste que todo iba a salir bien, pero por cosas del destino se ha complicado y hoy quieres regresar y empezar nuevamente, pero sabes que ya es imposible tal regreso.De esclavo a Rey es una obra narrativa que nos muestra c\u00f3mo un joven llamado Jos\u00e9 se mantiene fiel a sus principios, sin dejar de lado el sue\u00f1o que desde joven Dios hab\u00eda depositado en su coraz\u00f3n.  La vida de Jos\u00e9 el hijo de Jacob ser\u00e1 nuestro mapa y por ella navegaremos para explorar a fondo lo que este joven vivi\u00f3 y c\u00f3mo podremos nosotros sacar provecho de sus vivencias, logrando as\u00ed un panorama m\u00e1s claro, aunque estemos pasando situaciones similares a las que \u00e9l vivi\u00f3, no perder la esperanza de ver el sue\u00f1o hecho realidad.  Detalles del producto    ASIN \u200f : \u200e\u00a0B078YH46W6  Editorial \u200f : \u200e\u00a0EMPRENDO (10 Enero 2018)  Fecha de publicaci\u00f3n \u200f : \u200e\u00a010 Enero 2018  Idioma \u200f : \u200e\u00a0Espa\u00f1ol  Tama\u00f1o del archivo \u200f : \u200e\u00a01087 KB  Texto a voz \u200f : \u200e\u00a0Activado  Lector de pantalla: \u200f : \u200e\u00a0Respaldados  Composici\u00f3n tipogr\u00e1fica mejorada \u200f : \u200e\u00a0Activado  Word Wise \u200f : \u200e\u00a0No activado  N\u00famero de p\u00e1ginas \u200f : \u200e\u00a0111 p\u00e1ginas","og_url":"https:\/\/ramirochamorro.com\/producto\/jose-de-esclavo-a-rey\/","og_site_name":"Ramiro Chamorro","article_modified_time":"2026-04-07T01:41:51+00:00","og_image":[{"width":1656,"height":2560,"url":"http:\/\/ramirochamorro.com\/wp-content\/uploads\/2022\/07\/Copia-de-JOSE-scaled.jpg","type":"image\/jpeg"}],"twitter_card":"summary_large_image","twitter_misc":{"Tiempo de lectura":"1 minuto"},"schema":{"@context":"https:\/\/schema.org","@graph":[{"@type":"WebPage","@id":"https:\/\/ramirochamorro.com\/producto\/jose-de-esclavo-a-rey\/","url":"https:\/\/ramirochamorro.com\/producto\/jose-de-esclavo-a-rey\/","name":"Jos\u00e9 de Esclavo a Rey - Ramiro Chamorro","isPartOf":{"@id":"https:\/\/ramirochamorro.com\/#website"},"primaryImageOfPage":{"@id":"https:\/\/ramirochamorro.com\/producto\/jose-de-esclavo-a-rey\/#primaryimage"},"image":{"@id":"https:\/\/ramirochamorro.com\/producto\/jose-de-esclavo-a-rey\/#primaryimage"},"thumbnailUrl":"https:\/\/ramirochamorro.com\/wp-content\/uploads\/2022\/07\/Copia-de-JOSE-scaled.jpg","datePublished":"2022-07-03T19:23:05+00:00","dateModified":"2026-04-07T01:41:51+00:00","breadcrumb":{"@id":"https:\/\/ramirochamorro.com\/producto\/jose-de-esclavo-a-rey\/#breadcrumb"},"inLanguage":"es","potentialAction":[{"@type":"ReadAction","target":["https:\/\/ramirochamorro.com\/producto\/jose-de-esclavo-a-rey\/"]}]},{"@type":"ImageObject","inLanguage":"es","@id":"https:\/\/ramirochamorro.com\/producto\/jose-de-esclavo-a-rey\/#primaryimage","url":"https:\/\/ramirochamorro.com\/wp-content\/uploads\/2022\/07\/Copia-de-JOSE-scaled.jpg","contentUrl":"https:\/\/ramirochamorro.com\/wp-content\/uploads\/2022\/07\/Copia-de-JOSE-scaled.jpg","width":1656,"height":2560},{"@type":"BreadcrumbList","@id":"https:\/\/ramirochamorro.com\/producto\/jose-de-esclavo-a-rey\/#breadcrumb","itemListElement":[{"@type":"ListItem","position":1,"name":"Home","item":"https:\/\/ramirochamorro.com\/"},{"@type":"ListItem","position":2,"name":"Tienda","item":"https:\/\/ramirochamorro.com\/?page_id=11"},{"@type":"ListItem","position":3,"name":"Jos\u00e9 de Esclavo a Rey"}]},{"@type":"WebSite","@id":"https:\/\/ramirochamorro.com\/#website","url":"https:\/\/ramirochamorro.com\/","name":"Ramiro Chamorro","description":"En Construccion","publisher":{"@id":"https:\/\/ramirochamorro.com\/#organization"},"potentialAction":[{"@type":"SearchAction","target":{"@type":"EntryPoint","urlTemplate":"https:\/\/ramirochamorro.com\/?s={search_term_string}"},"query-input":{"@type":"PropertyValueSpecification","valueRequired":true,"valueName":"search_term_string"}}],"inLanguage":"es"},{"@type":"Organization","@id":"https:\/\/ramirochamorro.com\/#organization","name":"Ramiro Chamorro","url":"https:\/\/ramirochamorro.com\/","logo":{"@type":"ImageObject","inLanguage":"es","@id":"https:\/\/ramirochamorro.com\/#\/schema\/logo\/image\/","url":"https:\/\/ramirochamorro.com\/wp-content\/uploads\/2022\/07\/cropped-RAAMIRO.png","contentUrl":"https:\/\/ramirochamorro.com\/wp-content\/uploads\/2022\/07\/cropped-RAAMIRO.png","width":502,"height":176,"caption":"Ramiro Chamorro"},"image":{"@id":"https:\/\/ramirochamorro.com\/#\/schema\/logo\/image\/"}}]}},"_links":{"self":[{"href":"https:\/\/ramirochamorro.com\/index.php?rest_route=\/wp\/v2\/product\/6677","targetHints":{"allow":["GET"]}}],"collection":[{"href":"https:\/\/ramirochamorro.com\/index.php?rest_route=\/wp\/v2\/product"}],"about":[{"href":"https:\/\/ramirochamorro.com\/index.php?rest_route=\/wp\/v2\/types\/product"}],"replies":[{"embeddable":true,"href":"https:\/\/ramirochamorro.com\/index.php?rest_route=%2Fwp%2Fv2%2Fcomments&post=6677"}],"wp:featuredmedia":[{"embeddable":true,"href":"https:\/\/ramirochamorro.com\/index.php?rest_route=\/wp\/v2\/media\/6679"}],"wp:attachment":[{"href":"https:\/\/ramirochamorro.com\/index.php?rest_route=%2Fwp%2Fv2%2Fmedia&parent=6677"}],"wp:term":[{"taxonomy":"product_cat","embeddable":true,"href":"https:\/\/ramirochamorro.com\/index.php?rest_route=%2Fwp%2Fv2%2Fproduct_cat&post=6677"},{"taxonomy":"product_tag","embeddable":true,"href":"https:\/\/ramirochamorro.com\/index.php?rest_route=%2Fwp%2Fv2%2Fproduct_tag&post=6677"}],"curies":[{"name":"wp","href":"https:\/\/api.w.org\/{rel}","templated":true}]}}